{"id":609,"date":"2023-11-15T07:53:52","date_gmt":"2023-11-15T05:53:52","guid":{"rendered":"https:\/\/prahamed.cz\/?page_id=609"},"modified":"2023-11-15T07:56:13","modified_gmt":"2023-11-15T05:56:13","slug":"pro-pacienty","status":"publish","type":"page","link":"https:\/\/prahamed.cz\/en\/pro-pacienty\/","title":{"rendered":"Informace pro pacienty"},"content":{"rendered":"<p>Pro komunikaci s ordinac\u00ed pou\u017e\u00edvejte v\u00fdhradn\u011b aplikaci SmartMedix (p\u0159ihl\u00e1\u0161en\u00ed tak\u00e9 naleznete v horn\u00edm menu).<\/p>\n\n\n\n<div class=\"wp-block-group is-content-justification-center is-nowrap is-layout-flex wp-container-core-group-is-layout-23441af8 wp-block-group-is-layout-flex\">\n<div class=\"wp-block-stackable-button-group stk-block-button-group stk-block stk-af8819e\" data-block-id=\"af8819e\"><div class=\"stk-row stk-inner-blocks stk-block-content stk-button-group\">\n<div class=\"wp-block-stackable-button stk-block-button stk-block stk-fbf410e\" data-block-id=\"fbf410e\"><style>.stk-fbf410e .stk-button{padding-top:20px !important;padding-right:40px !important;padding-bottom:20px !important;padding-left:40px !important;background:#fb3cb7 !important;border-top-left-radius:50px !important;border-top-right-radius:50px !important;border-bottom-right-radius:50px !important;border-bottom-left-radius:50px !important}<\/style><a class=\"stk-link stk-button stk--hover-effect-darken\" href=\"https:\/\/www.smartmedix.net\/?reg=19319501\"><span class=\"stk-button__inner-text\">P\u0158IHL\u00c1\u0160EN\u00cd<\/span><\/a><\/div>\n<\/div><\/div>\n<\/div>\n\n\n\n<ul class=\"wp-block-list\">\n<li>P\u0159i prvn\u00edm p\u0159\u00edstupu do aplikace zvolte \u201eNov\u00e1 registrace nebo zapomenut\u00e9 heslo\u201c , vypl\u0148te email a zadejte \u201eRegistrovat\u201c. Syst\u00e9m v\u00e1s doprovod\u00ed dal\u0161\u00edm postupem. T\u00edm si vytvo\u0159\u00edte vstupn\u00ed p\u0159ihla\u0161ovac\u00ed \u00fadaje.<\/li>\n\n\n\n<li>P\u0159ihl\u00e1\u0161en\u00ed je mo\u017en\u00e9 emailem, kter\u00fd jste uvedli v ordinaci p\u0159i registraci.<\/li>\n\n\n\n<li>P\u0159i ka\u017ed\u00e9m dal\u0161\u00edm vstupu u\u017e zad\u00e1v\u00e1te sv\u016fj email a zvolen\u00e9 heslo rovnou do p\u0159ihla\u0161ovac\u00ed obrazovky.<\/li>\n<\/ul>\n\n\n\n<p>Online aplikace nab\u00edz\u00ed mo\u017enosti:<\/p>\n\n\n\n<ul class=\"wp-block-list\">\n<li>zasl\u00e1n\u00ed \u017e\u00e1dosti o recept (uve\u010fte n\u00e1zev a obvykl\u00e9 d\u00e1vkov\u00e1n\u00ed)<\/li>\n\n\n\n<li>objedn\u00e1n\u00ed n\u00e1v\u0161t\u011bvy l\u00e9ka\u0159e k dispozici online kalend\u00e1\u0159<\/li>\n\n\n\n<li>zasl\u00e1n\u00ed zpr\u00e1vy, dotazu, omluvy z pl\u00e1novan\u00e9 n\u00e1v\u0161t\u011bvy<\/li>\n\n\n\n<li>vlo\u017een\u00ed dokumentu k zalo\u017een\u00ed do karty (naskenovan\u00e9 l\u00e9ka\u0159sk\u00e9 zpr\u00e1vy ve form\u00e1tu pdf nebo obr\u00e1zku)<\/li>\n\n\n\n<li>p\u0159ehled term\u00ednu preventivn\u00ed prohl\u00eddky, o\u010dkov\u00e1n\u00ed, term\u00edn p\u0159\u00ed\u0161t\u00ed n\u00e1v\u0161t\u011bvy<\/li>\n\n\n\n<li>sledov\u00e1n\u00ed zp\u016fsobu vy\u0159\u00edzen\u00ed va\u0161ich po\u017eadavk\u016f a zpr\u00e1v \u2013 o vy\u0159\u00edzen\u00ed jste informov\u00e1ni emailem<\/li>\n<\/ul>","protected":false},"excerpt":{"rendered":"<p>Pro komunikaci s ordinac\u00ed pou\u017e\u00edvejte v\u00fdhradn\u011b aplikaci SmartMedix (p\u0159ihl\u00e1\u0161en\u00ed tak\u00e9 naleznete v horn\u00edm menu). P\u0158IHL\u00c1\u0160EN\u00cd Online aplikace nab\u00edz\u00ed mo\u017enosti:<\/p>","protected":false},"author":1,"featured_media":0,"parent":0,"menu_order":0,"comment_status":"closed","ping_status":"closed","template":"","meta":{"_uag_custom_page_level_css":"","footnotes":""},"class_list":["post-609","page","type-page","status-publish","hentry"],"aioseo_notices":[],"uagb_featured_image_src":{"full":false,"thumbnail":false,"medium":false,"medium_large":false,"large":false,"1536x1536":false,"2048x2048":false,"trp-custom-language-flag":false},"uagb_author_info":{"display_name":"admin","author_link":"https:\/\/prahamed.cz\/en\/author\/admin\/"},"uagb_comment_info":0,"uagb_excerpt":"Pro komunikaci s ordinac\u00ed pou\u017e\u00edvejte v\u00fdhradn\u011b aplikaci SmartMedix (p\u0159ihl\u00e1\u0161en\u00ed tak\u00e9 naleznete v horn\u00edm menu). P\u0158IHL\u00c1\u0160EN\u00cd Online aplikace nab\u00edz\u00ed mo\u017enosti:","_links":{"self":[{"href":"https:\/\/prahamed.cz\/en\/wp-json\/wp\/v2\/pages\/609","targetHints":{"allow":["GET"]}}],"collection":[{"href":"https:\/\/prahamed.cz\/en\/wp-json\/wp\/v2\/pages"}],"about":[{"href":"https:\/\/prahamed.cz\/en\/wp-json\/wp\/v2\/types\/page"}],"author":[{"embeddable":true,"href":"https:\/\/prahamed.cz\/en\/wp-json\/wp\/v2\/users\/1"}],"replies":[{"embeddable":true,"href":"https:\/\/prahamed.cz\/en\/wp-json\/wp\/v2\/comments?post=609"}],"version-history":[{"count":3,"href":"https:\/\/prahamed.cz\/en\/wp-json\/wp\/v2\/pages\/609\/revisions"}],"predecessor-version":[{"id":615,"href":"https:\/\/prahamed.cz\/en\/wp-json\/wp\/v2\/pages\/609\/revisions\/615"}],"wp:attachment":[{"href":"https:\/\/prahamed.cz\/en\/wp-json\/wp\/v2\/media?parent=609"}],"curies":[{"name":"wp","href":"https:\/\/api.w.org\/{rel}","templated":true}]}}