{"id":421,"date":"2023-09-18T13:45:22","date_gmt":"2023-09-18T11:45:22","guid":{"rendered":"https:\/\/prahamed.cz\/?page_id=421"},"modified":"2023-09-18T13:45:22","modified_gmt":"2023-09-18T11:45:22","slug":"program-redukce-hmotnosti","status":"publish","type":"page","link":"https:\/\/prahamed.cz\/en\/nase-sluzby\/program-redukce-hmotnosti\/","title":{"rendered":"Weight reduction program"},"content":{"rendered":"<p>Program je ur\u010den klient\u016fm, kte\u0159\u00ed maj\u00ed z\u00e1jem o zdrav\u00fd \u017eivotn\u00ed styl a z\u00e1rove\u0148 cht\u011bj\u00ed upravit svou hmotnost.<\/p>\n\n\n\n<ul class=\"wp-block-list\">\n<li>Z\u00e1kladn\u00ed \u010d\u00e1st programu trv\u00e1 3 m\u011bs\u00edce.<\/li>\n\n\n\n<li>Prob\u00edh\u00e1 v jednotliv\u00fdch konzultac\u00edch s l\u00e9ka\u0159em, zpravidla po m\u011bs\u00edci, a m\u00e1 za c\u00edl nau\u010dit klienta hubnout zdrav\u011b a v\u00e1hu si udr\u017eet.<\/li>\n\n\n\n<li>Opakovan\u00e9 m\u011b\u0159en\u00ed v\u0161ech parametr\u016f p\u0159\u00edstrojem InBody 230, interpretace a porovn\u00e1n\u00ed v\u00fdsledk\u016f se vstupn\u00edmi hodnotami.<\/li>\n\n\n\n<li>Anal\u00fdza osobn\u00edho j\u00eddeln\u00ed\u010dku, p\u0159\u00edpadn\u00fdch chyb, hled\u00e1n\u00ed rezerv k jeho dal\u0161\u00edmu vylep\u0161en\u00ed.<\/li>\n\n\n\n<li>\u0158e\u0161en\u00ed p\u0159\u00edpadn\u00fdch ot\u00e1zek klienta, pochybnost\u00ed \u010di nejistoty v dosavadn\u00edm procesu.<\/li>\n\n\n\n<li>Rozbor pohybov\u00e9 aktivity, p\u0159\u00edpadn\u011b doporu\u010den\u00ed jej\u00ed optimalizace.<\/li>\n\n\n\n<li>Z\u00e1v\u011bre\u010dn\u00e9 m\u011b\u0159en\u00ed t\u011blesn\u00fdch parametr\u016f p\u0159\u00edstrojem InBody a porovn\u00e1vn\u00e1n\u00ed se vstupn\u00edmi a p\u0159edchoz\u00edmi v\u00fdsledky.<\/li>\n<\/ul>\n\n\n\n<p>Vstupn\u00ed konzultace obsahuje:<\/p>\n\n\n\n<ul class=\"wp-block-list\">\n<li>celkov\u00e9 vy\u0161et\u0159en\u00ed l\u00e9ka\u0159em, zhodnocen\u00ed t\u011blesn\u00e9 konstituce, celkov\u00e9ho zdravotn\u00edho stavu<\/li>\n\n\n\n<li>anal\u00fdzu p\u0159\u00edstrojem InBody 230 \u2013 ur\u010den\u00ed hmotnosti, procenta a distribuce t\u011blesn\u00e9ho tuku, svalov\u00e9 hmoty, BMI, pom\u011bru pas\/boky,<\/li>\n\n\n\n<li>baz\u00e1ln\u00edho a doporu\u010den\u00e9ho energetick\u00e9ho v\u00fddeje<\/li>\n\n\n\n<li>konzultace dosavadn\u00edch stravovac\u00edch n\u00e1vyk\u016f a pohybov\u00e9ho re\u017eimu<\/li>\n\n\n\n<li>stanoven\u00ed re\u00e1ln\u00e9ho c\u00edle<\/li>\n\n\n\n<li>mo\u017enost farmakoterapie<\/li>\n\n\n\n<li>pou\u010den\u00ed o principech reduk\u010dn\u00ed diety a doporu\u010den\u00ed vhodn\u00e9ho dietn\u00edho pl\u00e1nu<\/li>\n<\/ul>\n\n\n\n<p>Program nen\u00ed hrazen\u00fd z ve\u0159ejn\u00e9ho zdravotn\u00edho poji\u0161t\u011bn\u00ed. Cena dle aktu\u00e1ln\u00edho cen\u00edku.<\/p>\n\n\n\n<p>V p\u0159\u00edpad\u011b z\u00e1jmu a dal\u0161\u00edch informac\u00ed n\u00e1s kontaktujte na email: <a href=\"mailto:info@prahamed.cz\">info@prahamed.cz<\/a> (do p\u0159edm\u011btu uve\u010fte \u201cProgram redukce<br>hmotnosti\u201d.)<\/p>","protected":false},"excerpt":{"rendered":"<p>Program je ur\u010den klient\u016fm, kte\u0159\u00ed maj\u00ed z\u00e1jem o zdrav\u00fd \u017eivotn\u00ed styl a z\u00e1rove\u0148 cht\u011bj\u00ed upravit svou hmotnost. Vstupn\u00ed konzultace obsahuje: Program nen\u00ed hrazen\u00fd z ve\u0159ejn\u00e9ho zdravotn\u00edho poji\u0161t\u011bn\u00ed. Cena dle aktu\u00e1ln\u00edho cen\u00edku. V p\u0159\u00edpad\u011b z\u00e1jmu a dal\u0161\u00edch informac\u00ed n\u00e1s kontaktujte na email: info@prahamed.cz (do p\u0159edm\u011btu uve\u010fte \u201cProgram redukcehmotnosti\u201d.)<\/p>","protected":false},"author":1,"featured_media":0,"parent":85,"menu_order":0,"comment_status":"closed","ping_status":"closed","template":"","meta":{"_uag_custom_page_level_css":"","footnotes":""},"class_list":["post-421","page","type-page","status-publish","hentry"],"aioseo_notices":[],"uagb_featured_image_src":{"full":false,"thumbnail":false,"medium":false,"medium_large":false,"large":false,"1536x1536":false,"2048x2048":false,"trp-custom-language-flag":false},"uagb_author_info":{"display_name":"admin","author_link":"https:\/\/prahamed.cz\/en\/author\/admin\/"},"uagb_comment_info":0,"uagb_excerpt":"Program je ur\u010den klient\u016fm, kte\u0159\u00ed maj\u00ed z\u00e1jem o zdrav\u00fd \u017eivotn\u00ed styl a z\u00e1rove\u0148 cht\u011bj\u00ed upravit svou hmotnost. Vstupn\u00ed konzultace obsahuje: Program nen\u00ed hrazen\u00fd z ve\u0159ejn\u00e9ho zdravotn\u00edho poji\u0161t\u011bn\u00ed. Cena dle aktu\u00e1ln\u00edho cen\u00edku. V p\u0159\u00edpad\u011b z\u00e1jmu a dal\u0161\u00edch informac\u00ed n\u00e1s kontaktujte na email: info@prahamed.cz (do p\u0159edm\u011btu uve\u010fte \u201cProgram redukcehmotnosti\u201d.)","_links":{"self":[{"href":"https:\/\/prahamed.cz\/en\/wp-json\/wp\/v2\/pages\/421","targetHints":{"allow":["GET"]}}],"collection":[{"href":"https:\/\/prahamed.cz\/en\/wp-json\/wp\/v2\/pages"}],"about":[{"href":"https:\/\/prahamed.cz\/en\/wp-json\/wp\/v2\/types\/page"}],"author":[{"embeddable":true,"href":"https:\/\/prahamed.cz\/en\/wp-json\/wp\/v2\/users\/1"}],"replies":[{"embeddable":true,"href":"https:\/\/prahamed.cz\/en\/wp-json\/wp\/v2\/comments?post=421"}],"version-history":[{"count":1,"href":"https:\/\/prahamed.cz\/en\/wp-json\/wp\/v2\/pages\/421\/revisions"}],"predecessor-version":[{"id":423,"href":"https:\/\/prahamed.cz\/en\/wp-json\/wp\/v2\/pages\/421\/revisions\/423"}],"up":[{"embeddable":true,"href":"https:\/\/prahamed.cz\/en\/wp-json\/wp\/v2\/pages\/85"}],"wp:attachment":[{"href":"https:\/\/prahamed.cz\/en\/wp-json\/wp\/v2\/media?parent=421"}],"curies":[{"name":"wp","href":"https:\/\/api.w.org\/{rel}","templated":true}]}}