{"id":392,"date":"2023-09-18T13:21:30","date_gmt":"2023-09-18T11:21:30","guid":{"rendered":"https:\/\/prahamed.cz\/?page_id=392"},"modified":"2023-10-05T08:02:44","modified_gmt":"2023-10-05T06:02:44","slug":"pro-firmy","status":"publish","type":"page","link":"https:\/\/prahamed.cz\/en\/pro-firmy\/","title":{"rendered":"For companies"},"content":{"rendered":"<div class=\"wp-block-columns is-layout-flex wp-container-core-columns-is-layout-28f84493 wp-block-columns-is-layout-flex\">\n<div class=\"wp-block-column is-layout-flow wp-block-column-is-layout-flow\">\n<p>We provide comprehensive work-medical services, regular examinations, professional advice, workplace inspections. The scope of occupational medical services is governed by applicable legislation, according to Decree No. 79\/2013 Coll. and is set based on the category of workplace risk factors.<br>.<\/p>\n\n\n\n<p>According to current legal regulations, the employer must have a contract with a medical facility for the provision of occupational health services.<\/p>\n\n\n\n<p>Requests for new contracts can be sent to email:<br><a href=\"mailto:prahamed.ordinace@gmail.com\">prahamed.ordinace@gmail.com<\/a> or use our inquiry form.<\/p>\n<\/div>\n\n\n\n<div class=\"wp-block-column is-layout-flow wp-block-column-is-layout-flow\">\n<ul class=\"wp-block-list\">\n<li>For our contractual partners, we guarantee the ordering of tours in a short time<\/li>\n\n\n\n<li>Online reservation of a date for a specific time<\/li>\n<\/ul>\n\n\n\n<div class=\"wp-block-group is-content-justification-center is-nowrap is-layout-flex wp-container-core-group-is-layout-23441af8 wp-block-group-is-layout-flex\">\n<div class=\"wp-block-stackable-button-group stk-block-button-group stk-block stk-4bd3092\" data-block-id=\"4bd3092\"><div class=\"stk-row stk-inner-blocks stk-block-content stk-button-group\">\n<div class=\"wp-block-stackable-button stk-block-button has-text-align-left stk-block stk-c131719\" data-block-id=\"c131719\"><style>.stk-c131719 .stk-button{padding-top:20px !important;padding-right:40px !important;padding-bottom:20px !important;padding-left:40px !important;background:#fb3cb7 !important;border-radius:50px !important}<\/style><a class=\"stk-link stk-button stk--hover-effect-darken\" href=\"https:\/\/v3.smartmedix.net\/login\/anonym\/?reg=19319501\"><span class=\"stk-button__inner-text\">RESERVATION OF THE DATE<\/span><\/a><\/div>\n<\/div><\/div>\n<\/div>\n<\/div>\n<\/div>\n\n\n\n<div class=\"wp-block-group has-global-padding is-layout-constrained wp-container-core-group-is-layout-a099c240 wp-block-group-is-layout-constrained\">\n<h4 class=\"wp-block-heading has-text-align-center\" style=\"margin-top:var(--wp--preset--spacing--40);margin-bottom:var(--wp--preset--spacing--40)\">Sending a request<\/h4>\n\n\n<div class=\"forminator-ui forminator-custom-form forminator-custom-form-466 forminator-design--default  forminator_ajax\" data-forminator-render=\"0\" data-form=\"forminator-module-466\" data-uid=\"69fafef69d3b9\"><br\/><\/div><form\n\t\t\t\tid=\"forminator-module-466\"\n\t\t\t\tclass=\"forminator-ui forminator-custom-form forminator-custom-form-466 forminator-design--default  forminator_ajax\"\n\t\t\t\tmethod=\"post\"\n\t\t\t\tdata-forminator-render=\"0\"\n\t\t\t\tdata-form-id=\"466\"\n\t\t\t\t data-color-option=\"default\" data-design=\"default\" data-grid=\"open\" style=\"display: none;\"\n\t\t\t\tdata-uid=\"69fafef69d3b9\" action=\"\"\n\t\t\t><div role=\"alert\" aria-live=\"polite\" class=\"forminator-response-message forminator-error\" aria-hidden=\"true\"><\/div><div class=\"forminator-row\"><div id=\"text-1\" class=\"forminator-field-text forminator-col forminator-col-12\"><div class=\"forminator-field\"><label for=\"forminator-field-text-1_69fafef69d3b9\" id=\"forminator-field-text-1_69fafef69d3b9-label\" class=\"forminator-label\">Company name <span class=\"forminator-required\">*<\/span><\/label><input type=\"text\" name=\"text-1\" value=\"\" placeholder=\"\" id=\"forminator-field-text-1_69fafef69d3b9\" class=\"forminator-input forminator-name--field\" data-required=\"1\" \/><\/div><\/div><\/div><div class=\"forminator-row\"><div id=\"text-2\" class=\"forminator-field-text forminator-col forminator-col-12\"><div class=\"forminator-field\"><label for=\"forminator-field-text-2_69fafef69d3b9\" id=\"forminator-field-text-2_69fafef69d3b9-label\" class=\"forminator-label\">I\u010cO <span class=\"forminator-required\">*<\/span><\/label><input type=\"text\" name=\"text-2\" value=\"\" placeholder=\"\" id=\"forminator-field-text-2_69fafef69d3b9\" class=\"forminator-input forminator-name--field\" data-required=\"1\" maxlength=\"8\" \/><span id=\"forminator-field-text-2_69fafef69d3b9-description\" class=\"forminator-description\"><span data-limit=\"8\" data-type=\"characters\">0 \/ 8<\/span><\/span><\/div><\/div><\/div><div class=\"forminator-row\"><div id=\"name-1\" class=\"forminator-field-name forminator-col forminator-col-12\"><div class=\"forminator-field\"><label for=\"forminator-field-name-1_69fafef69d3b9\" id=\"forminator-field-name-1_69fafef69d3b9-label\" class=\"forminator-label\">Contact person <span class=\"forminator-required\">*<\/span><\/label><input type=\"text\" name=\"name-1\" value=\"\" placeholder=\"\" id=\"forminator-field-name-1_69fafef69d3b9\" class=\"forminator-input forminator-name--field\" aria-required=\"true\" autocomplete=\"name\" \/><\/div><\/div><\/div><div class=\"forminator-row\"><div id=\"phone-1\" class=\"forminator-field-phone forminator-col forminator-col-12\"><div class=\"forminator-field\"><label for=\"forminator-field-phone-1_69fafef69d3b9\" id=\"forminator-field-phone-1_69fafef69d3b9-label\" class=\"forminator-label\">Phone number <span class=\"forminator-required\">*<\/span><\/label><input type=\"text\" name=\"phone-1\" value=\"\" placeholder=\"Nap\u0159. +420 300400500\" id=\"forminator-field-phone-1_69fafef69d3b9\" class=\"forminator-input forminator-field--phone\" data-required=\"1\" aria-required=\"true\" autocomplete=\"off\" \/><\/div><\/div><\/div><div class=\"forminator-row\"><div id=\"email-1\" class=\"forminator-field-email forminator-col forminator-col-12\"><div class=\"forminator-field\"><label for=\"forminator-field-email-1_69fafef69d3b9\" id=\"forminator-field-email-1_69fafef69d3b9-label\" class=\"forminator-label\">Email <span class=\"forminator-required\">*<\/span><\/label><input type=\"email\" name=\"email-1\" value=\"\" placeholder=\"Nap\u0159. jan@novak.cz\" id=\"forminator-field-email-1_69fafef69d3b9\" class=\"forminator-input forminator-email--field\" data-required=\"1\" aria-required=\"true\" autocomplete=\"email\" \/><\/div><\/div><\/div><div class=\"forminator-row\"><div id=\"number-1\" class=\"forminator-field-number forminator-col forminator-col-12\"><div class=\"forminator-field\"><label for=\"forminator-field-number-1_69fafef69d3b9\" id=\"forminator-field-number-1_69fafef69d3b9-label\" class=\"forminator-label\">Number of employees<\/label><input name=\"number-1\" value=\"\" placeholder=\"\" id=\"forminator-field-number-1_69fafef69d3b9\" class=\"forminator-input forminator-number--field\" inputmode=\"decimal\" data-required=\"\" data-decimals=\"0\" aria-required=\"false\" data-inputmask=\"&#039;groupSeparator&#039;: &#039;&#039;, &#039;radixPoint&#039;: &#039;&#039;, &#039;digits&#039;: &#039;0&#039;\" data-hidden-behavior=\"zero\" type=\"number\" step=\"any\" min=\"1\" max=\"99999999\" \/><\/div><\/div><\/div><div class=\"forminator-row\"><div id=\"checkbox-1\" class=\"forminator-field-checkbox forminator-col forminator-col-12\"><div role=\"group\" class=\"forminator-field\" aria-labelledby=\"forminator-checkbox-group-forminator-field-checkbox-1-69fafef69d3b9-label\"><span id=\"forminator-checkbox-group-forminator-field-checkbox-1-69fafef69d3b9-label\" class=\"forminator-label\">Job classification of employees<\/span><label id=\"forminator-field-checkbox-1-1-69fafef69d3b9-label\" for=\"forminator-field-checkbox-1-1-69fafef69d3b9\" class=\"forminator-checkbox\" title=\"Kategorie 1\"><input type=\"checkbox\" name=\"checkbox-1[]\" value=\"one\" id=\"forminator-field-checkbox-1-1-69fafef69d3b9\" aria-labelledby=\"forminator-field-checkbox-1-1-69fafef69d3b9-label\" data-calculation=\"0\"   data-hidden-behavior=\"zero\"\/><span class=\"forminator-checkbox-box\" aria-hidden=\"true\"><\/span><span class=\"forminator-checkbox-label\">Kategorie 1<\/span><\/label><label id=\"forminator-field-checkbox-1-2-69fafef69d3b9-label\" for=\"forminator-field-checkbox-1-2-69fafef69d3b9\" class=\"forminator-checkbox\" title=\"Kategorie 2\"><input type=\"checkbox\" name=\"checkbox-1[]\" value=\"two\" id=\"forminator-field-checkbox-1-2-69fafef69d3b9\" aria-labelledby=\"forminator-field-checkbox-1-2-69fafef69d3b9-label\" data-calculation=\"0\"   data-hidden-behavior=\"zero\"\/><span class=\"forminator-checkbox-box\" aria-hidden=\"true\"><\/span><span class=\"forminator-checkbox-label\">Kategorie 2<\/span><\/label><label id=\"forminator-field-checkbox-1-3-69fafef69d3b9-label\" for=\"forminator-field-checkbox-1-3-69fafef69d3b9\" class=\"forminator-checkbox\" title=\"Kategorie 2R, 3, 4\"><input type=\"checkbox\" name=\"checkbox-1[]\" value=\"Kategorie-3\" id=\"forminator-field-checkbox-1-3-69fafef69d3b9\" aria-labelledby=\"forminator-field-checkbox-1-3-69fafef69d3b9-label\" data-calculation=\"0\"   data-hidden-behavior=\"zero\"\/><span class=\"forminator-checkbox-box\" aria-hidden=\"true\"><\/span><span class=\"forminator-checkbox-label\">Kategorie 2R, 3, 4<\/span><\/label><label id=\"forminator-field-checkbox-1-4-69fafef69d3b9-label\" for=\"forminator-field-checkbox-1-4-69fafef69d3b9\" class=\"forminator-checkbox\" title=\"\u0158idi\u010di skupin C, D, E dle Z\u00e1kona \u010d. 361\/200 Sb. \u00a787\"><input type=\"checkbox\" name=\"checkbox-1[]\" value=\"\u0158idi\u010di-skupin\" id=\"forminator-field-checkbox-1-4-69fafef69d3b9\" aria-labelledby=\"forminator-field-checkbox-1-4-69fafef69d3b9-label\" data-calculation=\"0\"   data-hidden-behavior=\"zero\"\/><span class=\"forminator-checkbox-box\" aria-hidden=\"true\"><\/span><span class=\"forminator-checkbox-label\">\u0158idi\u010di skupin C, D, E dle Z\u00e1kona \u010d. 361\/200 Sb. \u00a787<\/span><\/label><\/div><\/div><\/div><div class=\"forminator-row\"><div id=\"textarea-1\" class=\"forminator-field-textarea forminator-col forminator-col-12\"><div class=\"forminator-field\"><label for=\"forminator-field-textarea-1_69fafef69d3b9\" id=\"forminator-field-textarea-1_69fafef69d3b9-label\" class=\"forminator-label\">Additional information for us (optional)<\/label><textarea name=\"textarea-1\" placeholder=\"\" id=\"forminator-field-textarea-1_69fafef69d3b9\" class=\"forminator-textarea\" rows=\"6\" style=\"min-height:140px;\" ><\/textarea><\/div><\/div><\/div><div class=\"forminator-row\"><div id=\"checkbox-2\" class=\"forminator-field-checkbox forminator-col forminator-col-12\"><div role=\"group\" class=\"forminator-field required\" aria-labelledby=\"forminator-checkbox-group-forminator-field-checkbox-2-69fafef69d3b9-label\"><span id=\"forminator-checkbox-group-forminator-field-checkbox-2-69fafef69d3b9-label\" class=\"forminator-label\">Consent <span class=\"forminator-required\">*<\/span><\/span><label id=\"forminator-field-checkbox-2-1-69fafef69d3b9-label\" for=\"forminator-field-checkbox-2-1-69fafef69d3b9\" class=\"forminator-checkbox\" title=\"I agree to the processing of personal data for the purpose of registration, contacting and sending an offer.\"><input type=\"checkbox\" name=\"checkbox-2[]\" value=\"one\" id=\"forminator-field-checkbox-2-1-69fafef69d3b9\" aria-labelledby=\"forminator-field-checkbox-2-1-69fafef69d3b9-label\" data-calculation=\"0\"   data-hidden-behavior=\"zero\"\/><span class=\"forminator-checkbox-box\" aria-hidden=\"true\"><\/span><span class=\"forminator-checkbox-label\">I agree to the processing of personal data for the purpose of registration, contacting and sending an offer.<\/span><\/label><\/div><\/div><\/div><input type=\"hidden\" name=\"referer_url\" value=\"\" \/><div class=\"forminator-row forminator-row-last\"><div class=\"forminator-col\"><div class=\"forminator-field\"><button class=\"forminator-button forminator-button-submit\">Submit<\/button><\/div><\/div><\/div><input type=\"hidden\" id=\"forminator_nonce\" name=\"forminator_nonce\" value=\"220a7714fc\" \/><input type=\"hidden\" name=\"_wp_http_referer\" value=\"\/en\/wp-json\/wp\/v2\/pages\/392\" \/><input type=\"hidden\" name=\"form_id\" value=\"466\"><input type=\"hidden\" name=\"page_id\" value=\"392\"><input type=\"hidden\" name=\"form_type\" value=\"default\"><input type=\"hidden\" name=\"current_url\" value=\"https:\/\/prahamed.cz\/en\/pro-firmy\/\"><input type=\"hidden\" name=\"render_id\" value=\"0\"><input type=\"hidden\" name=\"action\" value=\"forminator_submit_form_custom-forms\"><input type=\"hidden\" name=\"trp-form-language\" value=\"en\"\/><\/form>\n<\/div>","protected":false},"excerpt":{"rendered":"<p>Zaji\u0161\u0165ujeme komplexn\u00ed pracovn\u011b-l\u00e9ka\u0159sk\u00e9 slu\u017eby, pravideln\u00e9 prohl\u00eddky, odborn\u00e9 poradenstv\u00ed, prohl\u00eddky pracovi\u0161t\u011b. Rozsah pracovn\u011b l\u00e9ka\u0159sk\u00fdch slu\u017eeb se \u0159\u00edd\u00ed platnou legislativou, dle Vyhl\u00e1\u0161ky \u010d. 79\/2013 Sb. a je nastaven na z\u00e1klad\u011b kategorie rizikov\u00fdch faktor\u016fna pracovi\u0161ti. Podle aktu\u00e1ln\u00edch pr\u00e1vn\u00edch p\u0159edpis\u016f mus\u00ed m\u00edt zam\u011bstnavatel uzav\u0159enu smlouvu se zdravotnick\u00fdm za\u0159\u00edzen\u00edm o poskytov\u00e1n\u00ed pracovn\u011bl\u00e9ka\u0159sk\u00fdch slu\u017eeb. \u017d\u00e1dosti o nov\u00e9 smlouvy m\u016f\u017eete zas\u00edlat na [&hellip;]<\/p>\n","protected":false},"author":1,"featured_media":0,"parent":0,"menu_order":0,"comment_status":"closed","ping_status":"closed","template":"","meta":{"_uag_custom_page_level_css":"","footnotes":""},"class_list":["post-392","page","type-page","status-publish","hentry"],"aioseo_notices":[],"uagb_featured_image_src":{"full":false,"thumbnail":false,"medium":false,"medium_large":false,"large":false,"1536x1536":false,"2048x2048":false,"trp-custom-language-flag":false},"uagb_author_info":{"display_name":"admin","author_link":"https:\/\/prahamed.cz\/en\/author\/admin\/"},"uagb_comment_info":0,"uagb_excerpt":"Zaji\u0161\u0165ujeme komplexn\u00ed pracovn\u011b-l\u00e9ka\u0159sk\u00e9 slu\u017eby, pravideln\u00e9 prohl\u00eddky, odborn\u00e9 poradenstv\u00ed, prohl\u00eddky pracovi\u0161t\u011b. Rozsah pracovn\u011b l\u00e9ka\u0159sk\u00fdch slu\u017eeb se \u0159\u00edd\u00ed platnou legislativou, dle Vyhl\u00e1\u0161ky \u010d. 79\/2013 Sb. a je nastaven na z\u00e1klad\u011b kategorie rizikov\u00fdch faktor\u016fna pracovi\u0161ti. Podle aktu\u00e1ln\u00edch pr\u00e1vn\u00edch p\u0159edpis\u016f mus\u00ed m\u00edt zam\u011bstnavatel uzav\u0159enu smlouvu se zdravotnick\u00fdm za\u0159\u00edzen\u00edm o poskytov\u00e1n\u00ed pracovn\u011bl\u00e9ka\u0159sk\u00fdch slu\u017eeb. \u017d\u00e1dosti o nov\u00e9 smlouvy m\u016f\u017eete zas\u00edlat na&hellip;","_links":{"self":[{"href":"https:\/\/prahamed.cz\/en\/wp-json\/wp\/v2\/pages\/392","targetHints":{"allow":["GET"]}}],"collection":[{"href":"https:\/\/prahamed.cz\/en\/wp-json\/wp\/v2\/pages"}],"about":[{"href":"https:\/\/prahamed.cz\/en\/wp-json\/wp\/v2\/types\/page"}],"author":[{"embeddable":true,"href":"https:\/\/prahamed.cz\/en\/wp-json\/wp\/v2\/users\/1"}],"replies":[{"embeddable":true,"href":"https:\/\/prahamed.cz\/en\/wp-json\/wp\/v2\/comments?post=392"}],"version-history":[{"count":7,"href":"https:\/\/prahamed.cz\/en\/wp-json\/wp\/v2\/pages\/392\/revisions"}],"predecessor-version":[{"id":571,"href":"https:\/\/prahamed.cz\/en\/wp-json\/wp\/v2\/pages\/392\/revisions\/571"}],"wp:attachment":[{"href":"https:\/\/prahamed.cz\/en\/wp-json\/wp\/v2\/media?parent=392"}],"curies":[{"name":"wp","href":"https:\/\/api.w.org\/{rel}","templated":true}]}}