{"id":388,"date":"2023-09-18T13:16:43","date_gmt":"2023-09-18T11:16:43","guid":{"rendered":"https:\/\/prahamed.cz\/?page_id=388"},"modified":"2025-03-01T20:25:16","modified_gmt":"2025-03-01T18:25:16","slug":"registrace","status":"publish","type":"page","link":"https:\/\/prahamed.cz\/en\/registrace\/","title":{"rendered":"Registration for new patients"},"content":{"rendered":"<div class=\"wp-block-columns is-layout-flex wp-container-core-columns-is-layout-28f84493 wp-block-columns-is-layout-flex\">\n<div class=\"wp-block-column is-layout-flow wp-block-column-is-layout-flow\">\n<p>Reserve a date for the entrance registration inspection online in the calendar.<\/p>\n\n\n\n<p class=\"uag-hide-desktop uag-hide-tab uag-hide-mob\">Na\u0161e smluvn\u00ed poji\u0161\u0165ovny:<br><strong>\u010cPZP (205), OZP (207), ZPMV (211)<\/strong><\/p>\n\n\n\n<div class=\"wp-block-group is-content-justification-center is-nowrap is-layout-flex wp-container-core-group-is-layout-23441af8 wp-block-group-is-layout-flex\">\n<div class=\"wp-block-stackable-button-group stk-block-button-group stk-block stk-2e9bcdb\" data-block-id=\"2e9bcdb\"><div class=\"stk-row stk-inner-blocks stk-block-content stk-button-group\">\n<div class=\"wp-block-stackable-button stk-block-button stk-block stk-f2108a2\" data-block-id=\"f2108a2\"><style>.stk-f2108a2 .stk-button{padding-top:20px !important;padding-right:40px !important;padding-bottom:20px !important;padding-left:40px !important;background:#fb3cb7 !important;border-top-left-radius:50px !important;border-top-right-radius:50px !important;border-bottom-right-radius:50px !important;border-bottom-left-radius:50px !important;}<\/style><a class=\"stk-link stk-button stk--hover-effect-darken\" href=\"https:\/\/v3.smartmedix.net\/login\/anonym\/?reg=19319501\"><span class=\"stk-button__inner-text\">RESERVATION OF THE DATE<\/span><\/a><\/div>\n<\/div><\/div>\n<\/div>\n<\/div>\n\n\n\n<div class=\"wp-block-column is-layout-flow wp-block-column-is-layout-flow\">\n<ul class=\"wp-block-list\">\n<li>Online ordering is intended for clients of the following insurance companies: the \u010cPZP (205), OZP (207), ZPMV (211), VOZP (201), ZP\u0160 (209), RBP (213) and VZP (111).<\/li>\n\n\n\n<li>We order patients of non-contractual insurance companies only on the basis of prior agreement. If a non-contractual insurance company patient is ordered online, they will be treated as a self-payer <\/li>\n\n\n\n<li>After registration at the PrahaMed surgery, registration with your previous general practitioner is automatically terminated<\/li>\n\n\n\n<li>The condition is that you have been registered with your current general practitioner for more than 3 months (minimum statutory period)<\/li>\n<\/ul>\n<\/div>\n<\/div>\n\n\n\n<div class=\"wp-block-group is-content-justification-center is-layout-flex wp-container-core-group-is-layout-b02886af wp-block-group-is-layout-flex\">\n<figure class=\"wp-block-image size-large is-resized\"><img loading=\"lazy\" decoding=\"async\" width=\"1024\" height=\"271\" src=\"https:\/\/prahamed.cz\/wp-content\/uploads\/2023\/08\/czpz_office_barvy-1024x271.png\" alt=\"\" class=\"wp-image-44\" style=\"width:254px;height:67px\" srcset=\"https:\/\/prahamed.cz\/wp-content\/uploads\/2023\/08\/czpz_office_barvy-1024x271.png 1024w, https:\/\/prahamed.cz\/wp-content\/uploads\/2023\/08\/czpz_office_barvy-300x80.png 300w, https:\/\/prahamed.cz\/wp-content\/uploads\/2023\/08\/czpz_office_barvy-768x204.png 768w, https:\/\/prahamed.cz\/wp-content\/uploads\/2023\/08\/czpz_office_barvy.png 1332w\" sizes=\"auto, (max-width: 1024px) 100vw, 1024px\" \/><\/figure>\n\n\n\n<figure class=\"wp-block-image size-full is-resized\"><img loading=\"lazy\" decoding=\"async\" width=\"900\" height=\"637\" src=\"https:\/\/prahamed.cz\/wp-content\/uploads\/2023\/08\/01-Logo-OZP-zakladni-verze-RGB-pruhledne.png\" alt=\"\" class=\"wp-image-45\" style=\"width:164px;height:116px\" srcset=\"https:\/\/prahamed.cz\/wp-content\/uploads\/2023\/08\/01-Logo-OZP-zakladni-verze-RGB-pruhledne.png 900w, https:\/\/prahamed.cz\/wp-content\/uploads\/2023\/08\/01-Logo-OZP-zakladni-verze-RGB-pruhledne-300x212.png 300w, https:\/\/prahamed.cz\/wp-content\/uploads\/2023\/08\/01-Logo-OZP-zakladni-verze-RGB-pruhledne-768x544.png 768w\" sizes=\"auto, (max-width: 900px) 100vw, 900px\" \/><\/figure>\n\n\n\n<figure class=\"wp-block-image size-large is-resized\"><img loading=\"lazy\" decoding=\"async\" width=\"1024\" height=\"124\" src=\"https:\/\/prahamed.cz\/wp-content\/uploads\/2023\/08\/2a.logotyp_horizontalni_doplnkova-1024x124.png\" alt=\"\" class=\"wp-image-46\" style=\"width:406px;height:49px\" srcset=\"https:\/\/prahamed.cz\/wp-content\/uploads\/2023\/08\/2a.logotyp_horizontalni_doplnkova-1024x124.png 1024w, https:\/\/prahamed.cz\/wp-content\/uploads\/2023\/08\/2a.logotyp_horizontalni_doplnkova-300x36.png 300w, https:\/\/prahamed.cz\/wp-content\/uploads\/2023\/08\/2a.logotyp_horizontalni_doplnkova-768x93.png 768w, https:\/\/prahamed.cz\/wp-content\/uploads\/2023\/08\/2a.logotyp_horizontalni_doplnkova-1536x186.png 1536w, https:\/\/prahamed.cz\/wp-content\/uploads\/2023\/08\/2a.logotyp_horizontalni_doplnkova.png 1835w\" sizes=\"auto, (max-width: 1024px) 100vw, 1024px\" \/><\/figure>\n\n\n\n<figure class=\"wp-block-image size-full is-resized\"><img loading=\"lazy\" decoding=\"async\" width=\"567\" height=\"142\" src=\"https:\/\/prahamed.cz\/wp-content\/uploads\/2024\/01\/vozp_logo_text.png\" alt=\"\" class=\"wp-image-634\" style=\"width:406px\" srcset=\"https:\/\/prahamed.cz\/wp-content\/uploads\/2024\/01\/vozp_logo_text.png 567w, https:\/\/prahamed.cz\/wp-content\/uploads\/2024\/01\/vozp_logo_text-300x75.png 300w\" sizes=\"auto, (max-width: 567px) 100vw, 567px\" \/><\/figure>\n\n\n\n<figure class=\"wp-block-image size-large is-resized\"><img loading=\"lazy\" decoding=\"async\" width=\"1024\" height=\"413\" src=\"https:\/\/prahamed.cz\/wp-content\/uploads\/2024\/01\/16801637651557421205213rbp-86-08-0-0-nalezato-pozitiv-CS5-1024x413.jpg\" alt=\"\" class=\"wp-image-640\" style=\"width:406px\" srcset=\"https:\/\/prahamed.cz\/wp-content\/uploads\/2024\/01\/16801637651557421205213rbp-86-08-0-0-nalezato-pozitiv-CS5-1024x413.jpg 1024w, https:\/\/prahamed.cz\/wp-content\/uploads\/2024\/01\/16801637651557421205213rbp-86-08-0-0-nalezato-pozitiv-CS5-300x121.jpg 300w, https:\/\/prahamed.cz\/wp-content\/uploads\/2024\/01\/16801637651557421205213rbp-86-08-0-0-nalezato-pozitiv-CS5-768x310.jpg 768w, https:\/\/prahamed.cz\/wp-content\/uploads\/2024\/01\/16801637651557421205213rbp-86-08-0-0-nalezato-pozitiv-CS5.jpg 1462w\" sizes=\"auto, (max-width: 1024px) 100vw, 1024px\" \/><\/figure>\n\n\n\n<figure class=\"wp-block-image size-full is-resized\"><img loading=\"lazy\" decoding=\"async\" width=\"326\" height=\"161\" src=\"https:\/\/prahamed.cz\/wp-content\/uploads\/2024\/01\/zps.png\" alt=\"\" class=\"wp-image-642\" style=\"width:174px;height:auto\" srcset=\"https:\/\/prahamed.cz\/wp-content\/uploads\/2024\/01\/zps.png 326w, https:\/\/prahamed.cz\/wp-content\/uploads\/2024\/01\/zps-300x148.png 300w\" sizes=\"auto, (max-width: 326px) 100vw, 326px\" \/><\/figure>\n\n\n\n<figure class=\"wp-block-image size-large is-resized\"><img loading=\"lazy\" decoding=\"async\" width=\"1024\" height=\"432\" src=\"https:\/\/prahamed.cz\/wp-content\/uploads\/2023\/08\/logo-VZP-modul-B1-e1670859279860-1024x432.png\" alt=\"\" class=\"wp-image-43\" style=\"width:255px;height:auto\" srcset=\"https:\/\/prahamed.cz\/wp-content\/uploads\/2023\/08\/logo-VZP-modul-B1-e1670859279860-1024x432.png 1024w, https:\/\/prahamed.cz\/wp-content\/uploads\/2023\/08\/logo-VZP-modul-B1-e1670859279860-300x127.png 300w, https:\/\/prahamed.cz\/wp-content\/uploads\/2023\/08\/logo-VZP-modul-B1-e1670859279860-768x324.png 768w, https:\/\/prahamed.cz\/wp-content\/uploads\/2023\/08\/logo-VZP-modul-B1-e1670859279860-1536x648.png 1536w, https:\/\/prahamed.cz\/wp-content\/uploads\/2023\/08\/logo-VZP-modul-B1-e1670859279860.png 1683w\" sizes=\"auto, (max-width: 1024px) 100vw, 1024px\" \/><\/figure>\n<\/div>","protected":false},"excerpt":{"rendered":"<p>Rezervujte si term\u00edn vstupn\u00ed registra\u010dn\u00ed prohl\u00eddky online v kalend\u00e1\u0159i. Na\u0161e smluvn\u00ed poji\u0161\u0165ovny:\u010cPZP (205), OZP (207), ZPMV (211) REZERVACE TERM\u00cdNU<\/p>","protected":false},"author":1,"featured_media":0,"parent":0,"menu_order":0,"comment_status":"closed","ping_status":"closed","template":"","meta":{"_uag_custom_page_level_css":"","footnotes":""},"class_list":["post-388","page","type-page","status-publish","hentry"],"aioseo_notices":[],"uagb_featured_image_src":{"full":false,"thumbnail":false,"medium":false,"medium_large":false,"large":false,"1536x1536":false,"2048x2048":false,"trp-custom-language-flag":false},"uagb_author_info":{"display_name":"admin","author_link":"https:\/\/prahamed.cz\/en\/author\/admin\/"},"uagb_comment_info":0,"uagb_excerpt":"Rezervujte si term\u00edn vstupn\u00ed registra\u010dn\u00ed prohl\u00eddky online v kalend\u00e1\u0159i. Na\u0161e smluvn\u00ed poji\u0161\u0165ovny:\u010cPZP (205), OZP (207), ZPMV (211) REZERVACE TERM\u00cdNU","_links":{"self":[{"href":"https:\/\/prahamed.cz\/en\/wp-json\/wp\/v2\/pages\/388","targetHints":{"allow":["GET"]}}],"collection":[{"href":"https:\/\/prahamed.cz\/en\/wp-json\/wp\/v2\/pages"}],"about":[{"href":"https:\/\/prahamed.cz\/en\/wp-json\/wp\/v2\/types\/page"}],"author":[{"embeddable":true,"href":"https:\/\/prahamed.cz\/en\/wp-json\/wp\/v2\/users\/1"}],"replies":[{"embeddable":true,"href":"https:\/\/prahamed.cz\/en\/wp-json\/wp\/v2\/comments?post=388"}],"version-history":[{"count":21,"href":"https:\/\/prahamed.cz\/en\/wp-json\/wp\/v2\/pages\/388\/revisions"}],"predecessor-version":[{"id":714,"href":"https:\/\/prahamed.cz\/en\/wp-json\/wp\/v2\/pages\/388\/revisions\/714"}],"wp:attachment":[{"href":"https:\/\/prahamed.cz\/en\/wp-json\/wp\/v2\/media?parent=388"}],"curies":[{"name":"wp","href":"https:\/\/api.w.org\/{rel}","templated":true}]}}